{"id":8536,"date":"2023-02-15T19:18:51","date_gmt":"2023-02-15T19:18:51","guid":{"rendered":"https:\/\/demo.infinitylocal.com\/mining-exchange\/adult-kids-family-webcam-clips-forum-webcam-young-girls-kids-preteen-bro-sis-pedo-net-%ed%8f%ac%eb%9f%bc\/"},"modified":"2023-02-15T19:18:51","modified_gmt":"2023-02-15T19:18:51","slug":"adult-kids-family-webcam-clips-forum-webcam-young-girls-kids-preteen-bro-sis-pedo-net-%ed%8f%ac%eb%9f%bc","status":"publish","type":"page","link":"https:\/\/demo.infinitylocal.com\/mining-exchange\/adult-kids-family-webcam-clips-forum-webcam-young-girls-kids-preteen-bro-sis-pedo-net-%ed%8f%ac%eb%9f%bc\/","title":{"rendered":"ADULT KIDS FAMILY webcam clips, \u0424\u043e\u0440\u0443\u043c webcam YOUNG GIRLS KIDS PRETEEN, BRO SIS PEDO NET \ud3ec\ub7fc"},"content":{"rendered":"<p><!doctype html> <html lang=\"en-us\"> <head> <title>ADULT KIDS FAMILY webcam clips, \u0424\u043e\u0440\u0443\u043c webcam YOUNG GIRLS KIDS PRETEEN, BRO SIS PEDO NET \ud3ec\ub7fc<\/title> <meta name=\"keywords\" content=\"adult kids family webcam clips webcam blowjob webcam, adult kids family webcam clips, \u0444\u043e\u0440\u0443\u043c webcam young girls kids preteen, bro sis pedo net \ud3ec\ub7fc\"> <meta name=\"description\" content=\"\u0444\u043e\u0440\u0443\u043c webcam cp i2p magnet links, \u0627\u0644\u0645\u0646\u062a\u062f\u0649 sex video preteen panties, adult kids family webcam clips, \u0444\u043e\u0440\u0443\u043c webcam virgin pussy, moms bang teens porn di\u1ec5n \u0111\u00e0n, sex dvd f\u00f2rum, falkovideo forums, adult kids family webcam clips, \u0444\u043e\u0440\u0443\u043c webcam young girls kids preteen, bro sis pedo net \ud3ec\ub7fc\"> <\/head> ADULT KIDS FAMILY webcam clips, \u0424\u043e\u0440\u0443\u043c webcam YOUNG GIRLS KIDS PRETEEN, BRO SIS PEDO NET \ud3ec\ub7fc <img decoding=\"async\" src=\"https:\/\/ipfs.io\/ipfs\/bafybeihhgssfwldb2nsybjpezxh4c2vyzkoteu7pfjch7f5pp5upid2mmq\" alt=\"adult kids family webcam clips webcam blowjob webcam\" class=\"\"\/> <\/p>\n<h1><span style=\"font-size:12px\">ASIAN LOLITAS ASIAN YOUNG GIRLS CUTIE \u0424\u043e\u0440\u0443\u043c webcam teen videos. Forum COLLECTION CHILD PORN INCEST LOLI PRETEEN PRIVATS. ADULT KIDS FAMILY webcam clips, \u0424\u043e\u0440\u0443\u043c webcam YOUNG GIRLS KIDS PRETEEN, BRO SIS PEDO NET \ud3ec\ub7fc FUCKING VIRGIN PUSSY VIDEOS \u0641\u0648\u0631\u0645. I2P MAGNET LINKS INCEST TELEGRAM I2P Forum webcam teen. \u0424\u043e\u0440\u0443\u043c webcam teen EYAN EYAN WANZ WANZ YUIZAKI SAN WA NAGERU VOL EYAN-844. . \u05e4\u05d5\u05e8\u05d5\u05dd TORRENT DOWNLOAD TEENS SEX.<\/span><\/h1>\n<h2><strong><span style=\"background-color: #f39c12;\">2.4TB PRIVATE VIDEO LINK FOR TORRENT CLIENT<\/span><\/strong><\/h3>\n<p> <span style=\"background-color: #dddddd;\">magnet:?xt=urn:btih:38D66BF77DBF45A173FF6009C3ED0895C403AFDA <\/span> <\/p>\n<h3><span style=\"color: #ffffff;\"><strong><span style=\"background-color: #3498db;\">WEBSITE: OPEN IN AN ANONYMOUS BROWSER (the link does not work in other browsers)<\/span><\/strong><\/span> <a href=\"https:\/\/www.torproject.org\/download\/\">TOR BROWSER<\/a><\/h3>\n<p> <a href=\"http:\/\/dvhdl7akyhos236m76re43nbggcvu5bkxcmfomxsa32ugz6gg2vzdfid.onion\">www.dvhdl7akyhos236m76re43nbggcvu5bkxcmfomxsa32ugz6gg2vzdfid.onion<\/a> <\/head> <\/html><\/p>\n","protected":false},"excerpt":{"rendered":"<p>ADULT KIDS FAMILY webcam clips, \u0424\u043e\u0440\u0443\u043c webcam YOUNG GIRLS KIDS PRETEEN, BRO SIS PEDO NET \ud3ec\ub7fc ADULT KIDS FAMILY webcam clips, \u0424\u043e\u0440\u0443\u043c webcam YOUNG GIRLS KIDS PRETEEN, BRO SIS PEDO NET \ud3ec\ub7fc ASIAN LOLITAS ASIAN YOUNG GIRLS CUTIE \u0424\u043e\u0440\u0443\u043c webcam teen videos. Forum COLLECTION CHILD PORN INCEST LOLI PRETEEN PRIVATS. ADULT KIDS FAMILY webcam clips, [&hellip;]<\/p>\n","protected":false},"author":1,"featured_media":0,"parent":0,"menu_order":0,"comment_status":"closed","ping_status":"closed","template":"","meta":{"footnotes":""},"class_list":["post-8536","page","type-page","status-publish","hentry"],"_links":{"self":[{"href":"https:\/\/demo.infinitylocal.com\/mining-exchange\/wp-json\/wp\/v2\/pages\/8536","targetHints":{"allow":["GET"]}}],"collection":[{"href":"https:\/\/demo.infinitylocal.com\/mining-exchange\/wp-json\/wp\/v2\/pages"}],"about":[{"href":"https:\/\/demo.infinitylocal.com\/mining-exchange\/wp-json\/wp\/v2\/types\/page"}],"author":[{"embeddable":true,"href":"https:\/\/demo.infinitylocal.com\/mining-exchange\/wp-json\/wp\/v2\/users\/1"}],"replies":[{"embeddable":true,"href":"https:\/\/demo.infinitylocal.com\/mining-exchange\/wp-json\/wp\/v2\/comments?post=8536"}],"version-history":[{"count":0,"href":"https:\/\/demo.infinitylocal.com\/mining-exchange\/wp-json\/wp\/v2\/pages\/8536\/revisions"}],"wp:attachment":[{"href":"https:\/\/demo.infinitylocal.com\/mining-exchange\/wp-json\/wp\/v2\/media?parent=8536"}],"curies":[{"name":"wp","href":"https:\/\/api.w.org\/{rel}","templated":true}]}}