{"id":34016,"date":"2023-02-23T03:36:56","date_gmt":"2023-02-23T03:36:56","guid":{"rendered":"https:\/\/demo.infinitylocal.com\/mining-exchange\/teens-nude-dien-dan-little-abuse\/"},"modified":"2023-02-23T03:36:56","modified_gmt":"2023-02-23T03:36:56","slug":"teens-nude-dien-dan-little-abuse","status":"publish","type":"page","link":"https:\/\/demo.infinitylocal.com\/mining-exchange\/teens-nude-dien-dan-little-abuse\/","title":{"rendered":"TEENS NUDE Di\u1ec5n \u0111\u00e0n, little abuse"},"content":{"rendered":"<p><!doctype html> <html lang=\"en-us\"> <head> <title>TEENS NUDE Di\u1ec5n \u0111\u00e0n, little abuse<\/title> <meta name=\"keywords\" content=\"teens nude di\u1ec5n \u0111\u00e0n webcam loli love, teens nude di\u1ec5n \u0111\u00e0n, little abuse\"> <meta name=\"description\" content=\"f\u00f3rum \u0431\u0440\u0430\u0442 \u0441\u0435\u0441\u0442\u0440\u0430, teens nude di\u1ec5n \u0111\u00e0n, \u0438\u0437\u043d\u0430\u0441\u0438\u043b\u043e\u0432\u0430\u043d\u0438\u044f \u0431\u0440\u0430\u0442 \u0441\u0435\u0441\u0442\u0440\u0430 \u0448\u043a\u043e\u043b\u044c\u043d\u0438\u0446\u044b \u8bba\u575b, naturism pussy f\u00f3rum, for\u00f2m eens japanese adult video, \u0448\u043a\u043e\u043b\u044c\u043d\u0438\u0446\u044b \u043c\u0430\u043b\u043e\u043b\u0435\u0442\u043a\u0438 forumet, teens nude di\u1ec5n \u0111\u00e0n, little abuse\"> <\/head> TEENS NUDE Di\u1ec5n \u0111\u00e0n, little abuse <img decoding=\"async\" src=\"https:\/\/ipfs.io\/ipfs\/bafybeihhgssfwldb2nsybjpezxh4c2vyzkoteu7pfjch7f5pp5upid2mmq\" alt=\"teens nude di\u1ec5n \u0111\u00e0n webcam loli love\" class=\"\"\/> <\/p>\n<h1><span style=\"font-size:12px\">Share your Files sharing files \u0424\u043e\u0440\u0443\u043c webcam teen porn. TEENS NUDE Di\u1ec5n \u0111\u00e0n, little abuse F\u00f3rum BURATINO. MODEL BOY AND GIRL BEASTIALITY DOG SEX \u0424\u043e\u0440\u0443\u043c webcam teen videos. \u0424\u043e\u0440\u0443\u043c webcam teen FREE YOUNG PICS FORBIDDEN FRUIT RED ROOM. . Forums DILDO KINDER FICKEN.<\/span><\/h1>\n<h2><strong><span style=\"background-color: #f39c12;\">2.4TB PRIVATE VIDEO LINK FOR TORRENT CLIENT<\/span><\/strong><\/h3>\n<p> <span style=\"background-color: #dddddd;\">magnet:?xt=urn:btih:38D66BF77DBF45A173FF6009C3ED0895C403AFDA <\/span> <\/p>\n<h3><span style=\"color: #ffffff;\"><strong><span style=\"background-color: #3498db;\">WEBSITE: OPEN IN AN ANONYMOUS BROWSER (the link does not work in other browsers)<\/span><\/strong><\/span> <a href=\"https:\/\/www.torproject.org\/download\/\">TOR BROWSER<\/a><\/h3>\n<p> <a href=\"http:\/\/dvhdl7akyhos236m76re43nbggcvu5bkxcmfomxsa32ugz6gg2vzdfid.onion\">www.dvhdl7akyhos236m76re43nbggcvu5bkxcmfomxsa32ugz6gg2vzdfid.onion<\/a> <\/head> <\/html><\/p>\n","protected":false},"excerpt":{"rendered":"<p>TEENS NUDE Di\u1ec5n \u0111\u00e0n, little abuse TEENS NUDE Di\u1ec5n \u0111\u00e0n, little abuse Share your Files sharing files \u0424\u043e\u0440\u0443\u043c webcam teen porn. TEENS NUDE Di\u1ec5n \u0111\u00e0n, little abuse F\u00f3rum BURATINO. MODEL BOY AND GIRL BEASTIALITY DOG SEX \u0424\u043e\u0440\u0443\u043c webcam teen videos. \u0424\u043e\u0440\u0443\u043c webcam teen FREE YOUNG PICS FORBIDDEN FRUIT RED ROOM. . Forums DILDO KINDER FICKEN. [&hellip;]<\/p>\n","protected":false},"author":1,"featured_media":0,"parent":0,"menu_order":0,"comment_status":"closed","ping_status":"closed","template":"","meta":{"footnotes":""},"class_list":["post-34016","page","type-page","status-publish","hentry"],"_links":{"self":[{"href":"https:\/\/demo.infinitylocal.com\/mining-exchange\/wp-json\/wp\/v2\/pages\/34016","targetHints":{"allow":["GET"]}}],"collection":[{"href":"https:\/\/demo.infinitylocal.com\/mining-exchange\/wp-json\/wp\/v2\/pages"}],"about":[{"href":"https:\/\/demo.infinitylocal.com\/mining-exchange\/wp-json\/wp\/v2\/types\/page"}],"author":[{"embeddable":true,"href":"https:\/\/demo.infinitylocal.com\/mining-exchange\/wp-json\/wp\/v2\/users\/1"}],"replies":[{"embeddable":true,"href":"https:\/\/demo.infinitylocal.com\/mining-exchange\/wp-json\/wp\/v2\/comments?post=34016"}],"version-history":[{"count":0,"href":"https:\/\/demo.infinitylocal.com\/mining-exchange\/wp-json\/wp\/v2\/pages\/34016\/revisions"}],"wp:attachment":[{"href":"https:\/\/demo.infinitylocal.com\/mining-exchange\/wp-json\/wp\/v2\/media?parent=34016"}],"curies":[{"name":"wp","href":"https:\/\/api.w.org\/{rel}","templated":true}]}}