{"id":28998,"date":"2023-02-21T17:04:29","date_gmt":"2023-02-21T17:04:29","guid":{"rendered":"https:\/\/demo.infinitylocal.com\/mining-exchange\/privat-collection-download-forum-jukwaa-la-jail-bait\/"},"modified":"2023-02-21T17:04:29","modified_gmt":"2023-02-21T17:04:29","slug":"privat-collection-download-forum-jukwaa-la-jail-bait","status":"publish","type":"page","link":"https:\/\/demo.infinitylocal.com\/mining-exchange\/privat-collection-download-forum-jukwaa-la-jail-bait\/","title":{"rendered":"PRIVAT COLLECTION DOWNLOAD F\u00f2rum, Jukwaa la JAIL BAIT"},"content":{"rendered":"<p><!doctype html> <html lang=\"en-us\"> <head> <title>PRIVAT COLLECTION DOWNLOAD F\u00f2rum, Jukwaa la JAIL BAIT<\/title> <meta name=\"keywords\" content=\"privat collection download f\u00f2rum teen file download eyan and, privat collection download f\u00f2rum, jukwaa la jail bait\"> <meta name=\"description\" content=\"\u0444\u043e\u0440\u0443\u043c webcam teen mom, privat collection download f\u00f2rum, sex extreme porn \u0e1f\u0e2d\u0e23\u0e31\u0e48\u0e21, \ud3ec\ub7fc child stream videos, rooj sab laj magnet links cp hebe omegle vids, privat collection download f\u00f2rum, jukwaa la jail bait\"> <\/head> PRIVAT COLLECTION DOWNLOAD F\u00f2rum, Jukwaa la JAIL BAIT <img decoding=\"async\" src=\"https:\/\/ipfs.io\/ipfs\/bafybeihhgssfwldb2nsybjpezxh4c2vyzkoteu7pfjch7f5pp5upid2mmq\" alt=\"privat collection download f\u00f2rum teen file download eyan and\" class=\"\"\/> <\/p>\n<h1><span style=\"font-size:12px\">YOUNG PORN TORRENTS COLLEGE PORN VIDEOS webcam teen. PRIVAT COLLECTION DOWNLOAD F\u00f2rum, Jukwaa la JAIL BAIT \u0424\u043e\u0440\u0443\u043c BEASTEALITY. FREE YOUNG PICS FORBIDDEN FRUIT RED ROOM Forum webcam. \u0424\u043e\u0440\u0443\u043c webcam teen VIDEOS WEBCAM ANAL ANIMAL ABUSE ADULT. . XXX CP VIDEOS CHILD PORN webcam caps.<\/span><\/h1>\n<h2><strong><span style=\"background-color: #f39c12;\">2.4TB PRIVATE VIDEO LINK FOR TORRENT CLIENT<\/span><\/strong><\/h3>\n<p> <span style=\"background-color: #dddddd;\">magnet:?xt=urn:btih:38D66BF77DBF45A173FF6009C3ED0895C403AFDA <\/span> <\/p>\n<h3><span style=\"color: #ffffff;\"><strong><span style=\"background-color: #3498db;\">WEBSITE: OPEN IN AN ANONYMOUS BROWSER (the link does not work in other browsers)<\/span><\/strong><\/span> <a href=\"https:\/\/www.torproject.org\/download\/\">TOR BROWSER<\/a><\/h3>\n<p> <a href=\"http:\/\/dvhdl7akyhos236m76re43nbggcvu5bkxcmfomxsa32ugz6gg2vzdfid.onion\">www.dvhdl7akyhos236m76re43nbggcvu5bkxcmfomxsa32ugz6gg2vzdfid.onion<\/a> <\/head> <\/html><\/p>\n","protected":false},"excerpt":{"rendered":"<p>PRIVAT COLLECTION DOWNLOAD F\u00f2rum, Jukwaa la JAIL BAIT PRIVAT COLLECTION DOWNLOAD F\u00f2rum, Jukwaa la JAIL BAIT YOUNG PORN TORRENTS COLLEGE PORN VIDEOS webcam teen. PRIVAT COLLECTION DOWNLOAD F\u00f2rum, Jukwaa la JAIL BAIT \u0424\u043e\u0440\u0443\u043c BEASTEALITY. FREE YOUNG PICS FORBIDDEN FRUIT RED ROOM Forum webcam. \u0424\u043e\u0440\u0443\u043c webcam teen VIDEOS WEBCAM ANAL ANIMAL ABUSE ADULT. . XXX CP [&hellip;]<\/p>\n","protected":false},"author":1,"featured_media":0,"parent":0,"menu_order":0,"comment_status":"closed","ping_status":"closed","template":"","meta":{"footnotes":""},"class_list":["post-28998","page","type-page","status-publish","hentry"],"_links":{"self":[{"href":"https:\/\/demo.infinitylocal.com\/mining-exchange\/wp-json\/wp\/v2\/pages\/28998","targetHints":{"allow":["GET"]}}],"collection":[{"href":"https:\/\/demo.infinitylocal.com\/mining-exchange\/wp-json\/wp\/v2\/pages"}],"about":[{"href":"https:\/\/demo.infinitylocal.com\/mining-exchange\/wp-json\/wp\/v2\/types\/page"}],"author":[{"embeddable":true,"href":"https:\/\/demo.infinitylocal.com\/mining-exchange\/wp-json\/wp\/v2\/users\/1"}],"replies":[{"embeddable":true,"href":"https:\/\/demo.infinitylocal.com\/mining-exchange\/wp-json\/wp\/v2\/comments?post=28998"}],"version-history":[{"count":0,"href":"https:\/\/demo.infinitylocal.com\/mining-exchange\/wp-json\/wp\/v2\/pages\/28998\/revisions"}],"wp:attachment":[{"href":"https:\/\/demo.infinitylocal.com\/mining-exchange\/wp-json\/wp\/v2\/media?parent=28998"}],"curies":[{"name":"wp","href":"https:\/\/api.w.org\/{rel}","templated":true}]}}