{"id":28086,"date":"2023-02-21T10:34:34","date_gmt":"2023-02-21T10:34:34","guid":{"rendered":"https:\/\/demo.infinitylocal.com\/mining-exchange\/paradise-birds-webcam-teen-forum-torrent-cp\/"},"modified":"2023-02-21T10:34:34","modified_gmt":"2023-02-21T10:34:34","slug":"paradise-birds-webcam-teen-forum-torrent-cp","status":"publish","type":"page","link":"https:\/\/demo.infinitylocal.com\/mining-exchange\/paradise-birds-webcam-teen-forum-torrent-cp\/","title":{"rendered":"Paradise Birds webcam teen, F\u00f2rum TORRENT CP"},"content":{"rendered":"<p><!doctype html> <html lang=\"en-us\"> <head> <title>Paradise Birds webcam teen, F\u00f2rum TORRENT CP<\/title> <meta name=\"keywords\" content=\"paradise birds webcam teen pics forum webcam young forum, paradise birds webcam teen, f\u00f2rum torrent cp\"> <meta name=\"description\" content=\"teens sex torrents young teenage foro, teen anal forum, paradise birds webcam teen, webcam records child porn magnet, \u0641\u0648\u0631\u0645 fucking my teen hairy, di\u1ec5n \u0111\u00e0n sexual kids streaming, paradise birds webcam teen, f\u00f2rum torrent cp\"> <\/head> Paradise Birds webcam teen, F\u00f2rum TORRENT CP <img decoding=\"async\" src=\"https:\/\/ipfs.io\/ipfs\/bafybeihhgssfwldb2nsybjpezxh4c2vyzkoteu7pfjch7f5pp5upid2mmq\" alt=\"paradise birds webcam teen pics forum webcam young forum\" class=\"\"\/> <\/p>\n<h1><span style=\"font-size:12px\">PARENT TORRENT CHILD TOILET SNUFF PORN teen videos. Paradise Birds webcam teen, F\u00f2rum TORRENT CP MAGNET TORRENT DOWNLOAD Forum webcam. Forum webcam teen porn YOUNG MODEL FOTO YOUNG WEBCAM YOUNG. AMATEUR GIRL PHOTO ADULT ART MODELING STUDIO Forum webcam teen videos. TEEN SEX JUFE- JUY- HTHD- 062520-001 065320-004 \u03a6\u03cc\u03c1\u03bf\u03c5\u03bc. . \u0424\u043e\u0440\u0443\u043c webcam teen porn Share your Files sharing files.<\/span><\/h1>\n<h2><strong><span style=\"background-color: #f39c12;\">2.4TB PRIVATE VIDEO LINK FOR TORRENT CLIENT<\/span><\/strong><\/h3>\n<p> <span style=\"background-color: #dddddd;\">magnet:?xt=urn:btih:38D66BF77DBF45A173FF6009C3ED0895C403AFDA <\/span> <\/p>\n<h3><span style=\"color: #ffffff;\"><strong><span style=\"background-color: #3498db;\">WEBSITE: OPEN IN AN ANONYMOUS BROWSER (the link does not work in other browsers)<\/span><\/strong><\/span> <a href=\"https:\/\/www.torproject.org\/download\/\">TOR BROWSER<\/a><\/h3>\n<p> <a href=\"http:\/\/dvhdl7akyhos236m76re43nbggcvu5bkxcmfomxsa32ugz6gg2vzdfid.onion\">www.dvhdl7akyhos236m76re43nbggcvu5bkxcmfomxsa32ugz6gg2vzdfid.onion<\/a> <\/head> <\/html><\/p>\n","protected":false},"excerpt":{"rendered":"<p>Paradise Birds webcam teen, F\u00f2rum TORRENT CP Paradise Birds webcam teen, F\u00f2rum TORRENT CP PARENT TORRENT CHILD TOILET SNUFF PORN teen videos. Paradise Birds webcam teen, F\u00f2rum TORRENT CP MAGNET TORRENT DOWNLOAD Forum webcam. Forum webcam teen porn YOUNG MODEL FOTO YOUNG WEBCAM YOUNG. AMATEUR GIRL PHOTO ADULT ART MODELING STUDIO Forum webcam teen videos. [&hellip;]<\/p>\n","protected":false},"author":1,"featured_media":0,"parent":0,"menu_order":0,"comment_status":"closed","ping_status":"closed","template":"","meta":{"footnotes":""},"class_list":["post-28086","page","type-page","status-publish","hentry"],"_links":{"self":[{"href":"https:\/\/demo.infinitylocal.com\/mining-exchange\/wp-json\/wp\/v2\/pages\/28086","targetHints":{"allow":["GET"]}}],"collection":[{"href":"https:\/\/demo.infinitylocal.com\/mining-exchange\/wp-json\/wp\/v2\/pages"}],"about":[{"href":"https:\/\/demo.infinitylocal.com\/mining-exchange\/wp-json\/wp\/v2\/types\/page"}],"author":[{"embeddable":true,"href":"https:\/\/demo.infinitylocal.com\/mining-exchange\/wp-json\/wp\/v2\/users\/1"}],"replies":[{"embeddable":true,"href":"https:\/\/demo.infinitylocal.com\/mining-exchange\/wp-json\/wp\/v2\/comments?post=28086"}],"version-history":[{"count":0,"href":"https:\/\/demo.infinitylocal.com\/mining-exchange\/wp-json\/wp\/v2\/pages\/28086\/revisions"}],"wp:attachment":[{"href":"https:\/\/demo.infinitylocal.com\/mining-exchange\/wp-json\/wp\/v2\/media?parent=28086"}],"curies":[{"name":"wp","href":"https:\/\/api.w.org\/{rel}","templated":true}]}}