{"id":21964,"date":"2023-02-19T17:19:43","date_gmt":"2023-02-19T17:19:43","guid":{"rendered":"https:\/\/demo.infinitylocal.com\/mining-exchange\/forum-parent-torrent-child-toilet-snuff-porn-forum-indian-nude-forum-webcam-teen-facebook-hot-and-sexy-child-accounts\/"},"modified":"2023-02-19T17:19:43","modified_gmt":"2023-02-19T17:19:43","slug":"forum-parent-torrent-child-toilet-snuff-porn-forum-indian-nude-forum-webcam-teen-facebook-hot-and-sexy-child-accounts","status":"publish","type":"page","link":"https:\/\/demo.infinitylocal.com\/mining-exchange\/forum-parent-torrent-child-toilet-snuff-porn-forum-indian-nude-forum-webcam-teen-facebook-hot-and-sexy-child-accounts\/","title":{"rendered":"F\u00f2rum PARENT TORRENT CHILD TOILET SNUFF PORN, F\u00f2rum INDIAN NUDE, \u0424\u043e\u0440\u0443\u043c webcam teen Facebook HOT and SEXY child accounts"},"content":{"rendered":"<p><!doctype html> <html lang=\"en-us\"> <head> <title>F\u00f2rum PARENT TORRENT CHILD TOILET SNUFF PORN, F\u00f2rum INDIAN NUDE, \u0424\u043e\u0440\u0443\u043c webcam teen Facebook HOT and SEXY child accounts<\/title> <meta name=\"keywords\" content=\"f\u00f2rum parent torrent child toilet snuff porn webcam abuse, f\u00f2rum parent torrent child toilet snuff porn, f\u00f2rum indian nude, \u0444\u043e\u0440\u0443\u043c webcam teen facebook hot and sexy child accounts\"> <meta name=\"description\" content=\"premium pack \ud3ec\ub7fc, f\u00f2rum parent torrent child toilet snuff porn, shared videos webcam teen, baby heart chat rooms dark web sites teen porn, real incest cose da fare, f\u00f2rum parent torrent child toilet snuff porn, f\u00f2rum indian nude, \u0444\u043e\u0440\u0443\u043c webcam teen facebook hot and sexy child accounts\"> <\/head> F\u00f2rum PARENT TORRENT CHILD TOILET SNUFF PORN, F\u00f2rum INDIAN NUDE, \u0424\u043e\u0440\u0443\u043c webcam teen Facebook HOT and SEXY child accounts <img decoding=\"async\" src=\"https:\/\/ipfs.io\/ipfs\/bafybeihhgssfwldb2nsybjpezxh4c2vyzkoteu7pfjch7f5pp5upid2mmq\" alt=\"f\u00f2rum parent torrent child toilet snuff porn webcam abuse\" class=\"\"\/> <\/p>\n<h1><span style=\"font-size:12px\">MAGNET LINKS CP HEBE OMEGLE VIDS \u0424\u043e\u0440\u0443\u043c webcam teen porn. ASIAN LOLITAS ASIAN YOUNG GIRLS CUTIE webcam teen. F\u00f2rum PARENT TORRENT CHILD TOILET SNUFF PORN, F\u00f2rum INDIAN NUDE, \u0424\u043e\u0440\u0443\u043c webcam teen Facebook HOT and SEXY child accounts Jukwaa la onion sites catalog i2p. LITTLE GIRL PEDOMOM PEDOFAMILY YOUNG GIRLS \u0424\u043e\u0440\u0443\u043c webcam. I2P MAGNET LINKS INCEST TELEGRAM I2P \u0424\u043e\u0440\u0443\u043c webcam teen videos. Forum webcam teen porn Menstruation Hurtcore Stresscore. . \u0424\u043e\u0440\u0443\u043c webcam teen porn LOLICON SHOTACON SHOTA.<\/span><\/h1>\n<h2><strong><span style=\"background-color: #f39c12;\">2.4TB PRIVATE VIDEO LINK FOR TORRENT CLIENT<\/span><\/strong><\/h3>\n<p> <span style=\"background-color: #dddddd;\">magnet:?xt=urn:btih:38D66BF77DBF45A173FF6009C3ED0895C403AFDA <\/span> <\/p>\n<h3><span style=\"color: #ffffff;\"><strong><span style=\"background-color: #3498db;\">WEBSITE: OPEN IN AN ANONYMOUS BROWSER (the link does not work in other browsers)<\/span><\/strong><\/span> <a href=\"https:\/\/www.torproject.org\/download\/\">TOR BROWSER<\/a><\/h3>\n<p> <a href=\"http:\/\/dvhdl7akyhos236m76re43nbggcvu5bkxcmfomxsa32ugz6gg2vzdfid.onion\">www.dvhdl7akyhos236m76re43nbggcvu5bkxcmfomxsa32ugz6gg2vzdfid.onion<\/a> <\/head> <\/html><\/p>\n","protected":false},"excerpt":{"rendered":"<p>F\u00f2rum PARENT TORRENT CHILD TOILET SNUFF PORN, F\u00f2rum INDIAN NUDE, \u0424\u043e\u0440\u0443\u043c webcam teen Facebook HOT and SEXY child accounts F\u00f2rum PARENT TORRENT CHILD TOILET SNUFF PORN, F\u00f2rum INDIAN NUDE, \u0424\u043e\u0440\u0443\u043c webcam teen Facebook HOT and SEXY child accounts MAGNET LINKS CP HEBE OMEGLE VIDS \u0424\u043e\u0440\u0443\u043c webcam teen porn. ASIAN LOLITAS ASIAN YOUNG GIRLS CUTIE webcam [&hellip;]<\/p>\n","protected":false},"author":1,"featured_media":0,"parent":0,"menu_order":0,"comment_status":"closed","ping_status":"closed","template":"","meta":{"footnotes":""},"class_list":["post-21964","page","type-page","status-publish","hentry"],"_links":{"self":[{"href":"https:\/\/demo.infinitylocal.com\/mining-exchange\/wp-json\/wp\/v2\/pages\/21964","targetHints":{"allow":["GET"]}}],"collection":[{"href":"https:\/\/demo.infinitylocal.com\/mining-exchange\/wp-json\/wp\/v2\/pages"}],"about":[{"href":"https:\/\/demo.infinitylocal.com\/mining-exchange\/wp-json\/wp\/v2\/types\/page"}],"author":[{"embeddable":true,"href":"https:\/\/demo.infinitylocal.com\/mining-exchange\/wp-json\/wp\/v2\/users\/1"}],"replies":[{"embeddable":true,"href":"https:\/\/demo.infinitylocal.com\/mining-exchange\/wp-json\/wp\/v2\/comments?post=21964"}],"version-history":[{"count":0,"href":"https:\/\/demo.infinitylocal.com\/mining-exchange\/wp-json\/wp\/v2\/pages\/21964\/revisions"}],"wp:attachment":[{"href":"https:\/\/demo.infinitylocal.com\/mining-exchange\/wp-json\/wp\/v2\/media?parent=21964"}],"curies":[{"name":"wp","href":"https:\/\/api.w.org\/{rel}","templated":true}]}}