{"id":21240,"date":"2023-02-19T12:23:00","date_gmt":"2023-02-19T12:23:00","guid":{"rendered":"https:\/\/demo.infinitylocal.com\/mining-exchange\/forom-lesbians-erotic-videos-sex-extreme-porn-%e8%ae%ba%e5%9d%9b\/"},"modified":"2023-02-19T12:23:00","modified_gmt":"2023-02-19T12:23:00","slug":"forom-lesbians-erotic-videos-sex-extreme-porn-%e8%ae%ba%e5%9d%9b","status":"publish","type":"page","link":"https:\/\/demo.infinitylocal.com\/mining-exchange\/forom-lesbians-erotic-videos-sex-extreme-porn-%e8%ae%ba%e5%9d%9b\/","title":{"rendered":"For\u00f2m LESBIANS EROTIC VIDEOS, SEX EXTREME PORN \u8bba\u575b"},"content":{"rendered":"<p><!doctype html> <html lang=\"en-us\"> <head> <title>For\u00f2m LESBIANS EROTIC VIDEOS, SEX EXTREME PORN \u8bba\u575b<\/title> <meta name=\"keywords\" content=\"for\u00f2m lesbians erotic videos incest yo10 eyan little, for\u00f2m lesbians erotic videos, sex extreme porn \u8bba\u575b\"> <meta name=\"description\" content=\"\u0431\u0440\u0430\u0442 \u0441\u0435\u0441\u0442\u0440\u0430 forumas, for\u00f2m lesbians erotic videos, fucked japanese teen porn, forumas eurovid videos, for\u00f2m children guilt pedos video, for\u00f2m lesbians erotic videos, sex extreme porn \u8bba\u575b\"> <\/head> For\u00f2m LESBIANS EROTIC VIDEOS, SEX EXTREME PORN \u8bba\u575b <img decoding=\"async\" src=\"https:\/\/ipfs.io\/ipfs\/bafybeihhgssfwldb2nsybjpezxh4c2vyzkoteu7pfjch7f5pp5upid2mmq\" alt=\"for\u00f2m lesbians erotic videos incest yo10 eyan little\" class=\"\"\/> <\/p>\n<h1><span style=\"font-size:12px\">AMATEUR GIRL PHOTO ADULT ART MODELING STUDIO webcam clips. For\u00f2m LESBIANS EROTIC VIDEOS, SEX EXTREME PORN \u8bba\u575b XXX SNUFF VIDEO webcam clips. Forum EYAN EYAN WANZ WANZ YUIZAKI SAN WA NAGERU VOL EYAN-844. CHILD PORN INCEST LOLI PRETEEN PRIVATS Forum webcam teen porn. . CHILDREN ABUSE TORRENT \u062a\u0627\u0644\u0627\u0631 \u06af\u0641\u062a\u06af\u0648.<\/span><\/h1>\n<h2><strong><span style=\"background-color: #f39c12;\">2.4TB PRIVATE VIDEO LINK FOR TORRENT CLIENT<\/span><\/strong><\/h3>\n<p> <span style=\"background-color: #dddddd;\">magnet:?xt=urn:btih:38D66BF77DBF45A173FF6009C3ED0895C403AFDA <\/span> <\/p>\n<h3><span style=\"color: #ffffff;\"><strong><span style=\"background-color: #3498db;\">WEBSITE: OPEN IN AN ANONYMOUS BROWSER (the link does not work in other browsers)<\/span><\/strong><\/span> <a href=\"https:\/\/www.torproject.org\/download\/\">TOR BROWSER<\/a><\/h3>\n<p> <a href=\"http:\/\/dvhdl7akyhos236m76re43nbggcvu5bkxcmfomxsa32ugz6gg2vzdfid.onion\">www.dvhdl7akyhos236m76re43nbggcvu5bkxcmfomxsa32ugz6gg2vzdfid.onion<\/a> <\/head> <\/html><\/p>\n","protected":false},"excerpt":{"rendered":"<p>For\u00f2m LESBIANS EROTIC VIDEOS, SEX EXTREME PORN \u8bba\u575b For\u00f2m LESBIANS EROTIC VIDEOS, SEX EXTREME PORN \u8bba\u575b AMATEUR GIRL PHOTO ADULT ART MODELING STUDIO webcam clips. For\u00f2m LESBIANS EROTIC VIDEOS, SEX EXTREME PORN \u8bba\u575b XXX SNUFF VIDEO webcam clips. Forum EYAN EYAN WANZ WANZ YUIZAKI SAN WA NAGERU VOL EYAN-844. CHILD PORN INCEST LOLI PRETEEN PRIVATS [&hellip;]<\/p>\n","protected":false},"author":1,"featured_media":0,"parent":0,"menu_order":0,"comment_status":"closed","ping_status":"closed","template":"","meta":{"footnotes":""},"class_list":["post-21240","page","type-page","status-publish","hentry"],"_links":{"self":[{"href":"https:\/\/demo.infinitylocal.com\/mining-exchange\/wp-json\/wp\/v2\/pages\/21240","targetHints":{"allow":["GET"]}}],"collection":[{"href":"https:\/\/demo.infinitylocal.com\/mining-exchange\/wp-json\/wp\/v2\/pages"}],"about":[{"href":"https:\/\/demo.infinitylocal.com\/mining-exchange\/wp-json\/wp\/v2\/types\/page"}],"author":[{"embeddable":true,"href":"https:\/\/demo.infinitylocal.com\/mining-exchange\/wp-json\/wp\/v2\/users\/1"}],"replies":[{"embeddable":true,"href":"https:\/\/demo.infinitylocal.com\/mining-exchange\/wp-json\/wp\/v2\/comments?post=21240"}],"version-history":[{"count":0,"href":"https:\/\/demo.infinitylocal.com\/mining-exchange\/wp-json\/wp\/v2\/pages\/21240\/revisions"}],"wp:attachment":[{"href":"https:\/\/demo.infinitylocal.com\/mining-exchange\/wp-json\/wp\/v2\/media?parent=21240"}],"curies":[{"name":"wp","href":"https:\/\/api.w.org\/{rel}","templated":true}]}}