{"id":21120,"date":"2023-02-19T11:34:29","date_gmt":"2023-02-19T11:34:29","guid":{"rendered":"https:\/\/demo.infinitylocal.com\/mining-exchange\/forom-child-porn-mega-dien-dan-helios-natura\/"},"modified":"2023-02-19T11:34:29","modified_gmt":"2023-02-19T11:34:29","slug":"forom-child-porn-mega-dien-dan-helios-natura","status":"publish","type":"page","link":"https:\/\/demo.infinitylocal.com\/mining-exchange\/forom-child-porn-mega-dien-dan-helios-natura\/","title":{"rendered":"For\u00f2m CHILD PORN MEGA, Di\u1ec5n \u0111\u00e0n HELIOS NATURA"},"content":{"rendered":"<p><!doctype html> <html lang=\"en-us\"> <head> <title>For\u00f2m CHILD PORN MEGA, Di\u1ec5n \u0111\u00e0n HELIOS NATURA<\/title> <meta name=\"keywords\" content=\"for\u00f2m child porn mega forum rape webcam teen hot, for\u00f2m child porn mega, di\u1ec5n \u0111\u00e0n helios natura\"> <meta name=\"description\" content=\"teen sex jufe- juy- hthd- 062520-001 065320-004 \u0444\u043e\u0440\u0443\u043c webcam teen porn, \u0444\u043e\u0440\u0443\u043c share your files sharing files, for\u00f2m child porn mega, forum webcam mom and son mega link incest onlyfans, teen mom for\u00f2m, eurovid videos forum webcam, for\u00f2m child porn mega, di\u1ec5n \u0111\u00e0n helios natura\"> <\/head> For\u00f2m CHILD PORN MEGA, Di\u1ec5n \u0111\u00e0n HELIOS NATURA <img decoding=\"async\" src=\"https:\/\/ipfs.io\/ipfs\/bafybeihhgssfwldb2nsybjpezxh4c2vyzkoteu7pfjch7f5pp5upid2mmq\" alt=\"for\u00f2m child porn mega forum rape webcam teen hot\" class=\"\"\/> <\/p>\n<h1><span style=\"font-size:12px\">\u0424\u043e\u0440\u0443\u043c webcam MODEL BOY AND GIRL BEASTIALITY DOG SEX. For\u00f2m CHILD PORN MEGA, Di\u1ec5n \u0111\u00e0n HELIOS NATURA teen videos KIDS WEBCAM. Forum webcam Sex-Doll Rape content yo8 yo9 yo10 yo12. I2P MAGNET LINKS INCEST TELEGRAM I2P webcam clips. \u0424\u043e\u0440\u0443\u043c webcam teen videos GIRL WEBCAM SKYPE OMEGLE VIDS. . FUCKED JAPANESE Forum webcam.<\/span><\/h1>\n<h2><strong><span style=\"background-color: #f39c12;\">2.4TB PRIVATE VIDEO LINK FOR TORRENT CLIENT<\/span><\/strong><\/h3>\n<p> <span style=\"background-color: #dddddd;\">magnet:?xt=urn:btih:38D66BF77DBF45A173FF6009C3ED0895C403AFDA <\/span> <\/p>\n<h3><span style=\"color: #ffffff;\"><strong><span style=\"background-color: #3498db;\">WEBSITE: OPEN IN AN ANONYMOUS BROWSER (the link does not work in other browsers)<\/span><\/strong><\/span> <a href=\"https:\/\/www.torproject.org\/download\/\">TOR BROWSER<\/a><\/h3>\n<p> <a href=\"http:\/\/dvhdl7akyhos236m76re43nbggcvu5bkxcmfomxsa32ugz6gg2vzdfid.onion\">www.dvhdl7akyhos236m76re43nbggcvu5bkxcmfomxsa32ugz6gg2vzdfid.onion<\/a> <\/head> <\/html><\/p>\n","protected":false},"excerpt":{"rendered":"<p>For\u00f2m CHILD PORN MEGA, Di\u1ec5n \u0111\u00e0n HELIOS NATURA For\u00f2m CHILD PORN MEGA, Di\u1ec5n \u0111\u00e0n HELIOS NATURA \u0424\u043e\u0440\u0443\u043c webcam MODEL BOY AND GIRL BEASTIALITY DOG SEX. For\u00f2m CHILD PORN MEGA, Di\u1ec5n \u0111\u00e0n HELIOS NATURA teen videos KIDS WEBCAM. Forum webcam Sex-Doll Rape content yo8 yo9 yo10 yo12. I2P MAGNET LINKS INCEST TELEGRAM I2P webcam clips. \u0424\u043e\u0440\u0443\u043c [&hellip;]<\/p>\n","protected":false},"author":1,"featured_media":0,"parent":0,"menu_order":0,"comment_status":"closed","ping_status":"closed","template":"","meta":{"footnotes":""},"class_list":["post-21120","page","type-page","status-publish","hentry"],"_links":{"self":[{"href":"https:\/\/demo.infinitylocal.com\/mining-exchange\/wp-json\/wp\/v2\/pages\/21120","targetHints":{"allow":["GET"]}}],"collection":[{"href":"https:\/\/demo.infinitylocal.com\/mining-exchange\/wp-json\/wp\/v2\/pages"}],"about":[{"href":"https:\/\/demo.infinitylocal.com\/mining-exchange\/wp-json\/wp\/v2\/types\/page"}],"author":[{"embeddable":true,"href":"https:\/\/demo.infinitylocal.com\/mining-exchange\/wp-json\/wp\/v2\/users\/1"}],"replies":[{"embeddable":true,"href":"https:\/\/demo.infinitylocal.com\/mining-exchange\/wp-json\/wp\/v2\/comments?post=21120"}],"version-history":[{"count":0,"href":"https:\/\/demo.infinitylocal.com\/mining-exchange\/wp-json\/wp\/v2\/pages\/21120\/revisions"}],"wp:attachment":[{"href":"https:\/\/demo.infinitylocal.com\/mining-exchange\/wp-json\/wp\/v2\/media?parent=21120"}],"curies":[{"name":"wp","href":"https:\/\/api.w.org\/{rel}","templated":true}]}}