{"id":21058,"date":"2023-02-19T11:10:11","date_gmt":"2023-02-19T11:10:11","guid":{"rendered":"https:\/\/demo.infinitylocal.com\/mining-exchange\/forums-young-models-pthc-hurtcore-stresscore-forum\/"},"modified":"2023-02-19T11:10:11","modified_gmt":"2023-02-19T11:10:11","slug":"forums-young-models-pthc-hurtcore-stresscore-forum","status":"publish","type":"page","link":"https:\/\/demo.infinitylocal.com\/mining-exchange\/forums-young-models-pthc-hurtcore-stresscore-forum\/","title":{"rendered":"Forums YOUNG MODELS PTHC, Hurtcore Stresscore F\u00f2rum"},"content":{"rendered":"<p><!doctype html> <html lang=\"en-us\"> <head> <title>Forums YOUNG MODELS PTHC, Hurtcore Stresscore F\u00f2rum<\/title> <meta name=\"keywords\" content=\"forums young models pthc webcam menstruation heart young, forums young models pthc, hurtcore stresscore f\u00f2rum\"> <meta name=\"description\" content=\"home video teen streaming \u0444\u043e\u0440\u0443\u043c, foruma moving torrent 409gb child nude, forums young models pthc, menstruation hurtcore stresscore \u0641\u0648\u0631\u0645, f\u00f3rum girls priori russian teens, for\u00f2m online live camp, forum webcam teen porn child webcam video, forums young models pthc, hurtcore stresscore f\u00f2rum\"> <\/head> Forums YOUNG MODELS PTHC, Hurtcore Stresscore F\u00f2rum <img decoding=\"async\" src=\"https:\/\/ipfs.io\/ipfs\/bafybeihhgssfwldb2nsybjpezxh4c2vyzkoteu7pfjch7f5pp5upid2mmq\" alt=\"forums young models pthc webcam menstruation heart young\" class=\"\"\/> <\/p>\n<h1><span style=\"font-size:12px\">ZOOFILIA VIDEOS ALICE IN WONDERLAND Forum webcam teen videos. Forums YOUNG MODELS PTHC, Hurtcore Stresscore F\u00f2rum Forumet TEEN SCHOOL GIRL. WEB CAMS SEX PERSONALS VIDEO TEEN SHARE VIDEOS LOLI. \u0424\u043e\u0440\u0443\u043c webcam teen porn TEEN WIFE FUCK CHILD BLONDE. PRIVATS FORBIDDEN VIDEO STUDIO \u0424\u043e\u0440\u0443\u043c webcam teen videos. . TELEGRAM CHANNEL \u0627\u0644\u0645\u0646\u062a\u062f\u0649.<\/span><\/h1>\n<h2><strong><span style=\"background-color: #f39c12;\">2.4TB PRIVATE VIDEO LINK FOR TORRENT CLIENT<\/span><\/strong><\/h3>\n<p> <span style=\"background-color: #dddddd;\">magnet:?xt=urn:btih:38D66BF77DBF45A173FF6009C3ED0895C403AFDA <\/span> <\/p>\n<h3><span style=\"color: #ffffff;\"><strong><span style=\"background-color: #3498db;\">WEBSITE: OPEN IN AN ANONYMOUS BROWSER (the link does not work in other browsers)<\/span><\/strong><\/span> <a href=\"https:\/\/www.torproject.org\/download\/\">TOR BROWSER<\/a><\/h3>\n<p> <a href=\"http:\/\/dvhdl7akyhos236m76re43nbggcvu5bkxcmfomxsa32ugz6gg2vzdfid.onion\">www.dvhdl7akyhos236m76re43nbggcvu5bkxcmfomxsa32ugz6gg2vzdfid.onion<\/a> <\/head> <\/html><\/p>\n","protected":false},"excerpt":{"rendered":"<p>Forums YOUNG MODELS PTHC, Hurtcore Stresscore F\u00f2rum Forums YOUNG MODELS PTHC, Hurtcore Stresscore F\u00f2rum ZOOFILIA VIDEOS ALICE IN WONDERLAND Forum webcam teen videos. Forums YOUNG MODELS PTHC, Hurtcore Stresscore F\u00f2rum Forumet TEEN SCHOOL GIRL. WEB CAMS SEX PERSONALS VIDEO TEEN SHARE VIDEOS LOLI. \u0424\u043e\u0440\u0443\u043c webcam teen porn TEEN WIFE FUCK CHILD BLONDE. PRIVATS FORBIDDEN VIDEO [&hellip;]<\/p>\n","protected":false},"author":1,"featured_media":0,"parent":0,"menu_order":0,"comment_status":"closed","ping_status":"closed","template":"","meta":{"footnotes":""},"class_list":["post-21058","page","type-page","status-publish","hentry"],"_links":{"self":[{"href":"https:\/\/demo.infinitylocal.com\/mining-exchange\/wp-json\/wp\/v2\/pages\/21058","targetHints":{"allow":["GET"]}}],"collection":[{"href":"https:\/\/demo.infinitylocal.com\/mining-exchange\/wp-json\/wp\/v2\/pages"}],"about":[{"href":"https:\/\/demo.infinitylocal.com\/mining-exchange\/wp-json\/wp\/v2\/types\/page"}],"author":[{"embeddable":true,"href":"https:\/\/demo.infinitylocal.com\/mining-exchange\/wp-json\/wp\/v2\/users\/1"}],"replies":[{"embeddable":true,"href":"https:\/\/demo.infinitylocal.com\/mining-exchange\/wp-json\/wp\/v2\/comments?post=21058"}],"version-history":[{"count":0,"href":"https:\/\/demo.infinitylocal.com\/mining-exchange\/wp-json\/wp\/v2\/pages\/21058\/revisions"}],"wp:attachment":[{"href":"https:\/\/demo.infinitylocal.com\/mining-exchange\/wp-json\/wp\/v2\/media?parent=21058"}],"curies":[{"name":"wp","href":"https:\/\/api.w.org\/{rel}","templated":true}]}}