{"id":20444,"date":"2023-02-19T07:06:43","date_gmt":"2023-02-19T07:06:43","guid":{"rendered":"https:\/\/demo.infinitylocal.com\/mining-exchange\/forumet-kids-webcam-forom-bro-sis-cp\/"},"modified":"2023-02-19T07:06:43","modified_gmt":"2023-02-19T07:06:43","slug":"forumet-kids-webcam-forom-bro-sis-cp","status":"publish","type":"page","link":"https:\/\/demo.infinitylocal.com\/mining-exchange\/forumet-kids-webcam-forom-bro-sis-cp\/","title":{"rendered":"Forumet KIDS WEBCAM, For\u00f2m BRO SIS CP"},"content":{"rendered":"<p><!doctype html> <html lang=\"en-us\"> <head> <title>Forumet KIDS WEBCAM, For\u00f2m BRO SIS CP<\/title> <meta name=\"keywords\" content=\"video forumet kids webcam erotic porn teen porn forum, forumet kids webcam, for\u00f2m bro sis cp\"> <meta name=\"description\" content=\"\u0444\u043e\u0440\u0443\u043c webcam teen porn young teen sex videos russian teens, forumet kids webcam, the club falko 4 foruma, f\u00f2rum father and daughter, videos teen sex videos forum, forumet kids webcam, for\u00f2m bro sis cp\"> <\/head> Forumet KIDS WEBCAM, For\u00f2m BRO SIS CP <img decoding=\"async\" src=\"https:\/\/ipfs.io\/ipfs\/bafybeihhgssfwldb2nsybjpezxh4c2vyzkoteu7pfjch7f5pp5upid2mmq\" alt=\"video forumet kids webcam erotic porn teen porn forum\" class=\"\"\/> <\/p>\n<h1><span style=\"font-size:12px\">Forum webcam teen videos YOUNG PORN TORRENTS COLLEGE PORN VIDEOS. Forumet KIDS WEBCAM, For\u00f2m BRO SIS CP Forumas JAILBAIT. RUSSIAN COLLECTION TOR FORBIDDEN FRUIT Forum webcam teen videos. MODEL BOY AND GIRL BEASTIALITY DOG SEX \u0424\u043e\u0440\u0443\u043c webcam teen. Forum webcam teen videos Menstruation Child Sex-Doll. . Jukwaa la LESBIANS EROTIC VIDEOS.<\/span><\/h1>\n<h2><strong><span style=\"background-color: #f39c12;\">2.4TB PRIVATE VIDEO LINK FOR TORRENT CLIENT<\/span><\/strong><\/h3>\n<p> <span style=\"background-color: #dddddd;\">magnet:?xt=urn:btih:38D66BF77DBF45A173FF6009C3ED0895C403AFDA <\/span> <\/p>\n<h3><span style=\"color: #ffffff;\"><strong><span style=\"background-color: #3498db;\">WEBSITE: OPEN IN AN ANONYMOUS BROWSER (the link does not work in other browsers)<\/span><\/strong><\/span> <a href=\"https:\/\/www.torproject.org\/download\/\">TOR BROWSER<\/a><\/h3>\n<p> <a href=\"http:\/\/dvhdl7akyhos236m76re43nbggcvu5bkxcmfomxsa32ugz6gg2vzdfid.onion\">www.dvhdl7akyhos236m76re43nbggcvu5bkxcmfomxsa32ugz6gg2vzdfid.onion<\/a> <\/head> <\/html><\/p>\n","protected":false},"excerpt":{"rendered":"<p>Forumet KIDS WEBCAM, For\u00f2m BRO SIS CP Forumet KIDS WEBCAM, For\u00f2m BRO SIS CP Forum webcam teen videos YOUNG PORN TORRENTS COLLEGE PORN VIDEOS. Forumet KIDS WEBCAM, For\u00f2m BRO SIS CP Forumas JAILBAIT. RUSSIAN COLLECTION TOR FORBIDDEN FRUIT Forum webcam teen videos. MODEL BOY AND GIRL BEASTIALITY DOG SEX \u0424\u043e\u0440\u0443\u043c webcam teen. Forum webcam teen [&hellip;]<\/p>\n","protected":false},"author":1,"featured_media":0,"parent":0,"menu_order":0,"comment_status":"closed","ping_status":"closed","template":"","meta":{"footnotes":""},"class_list":["post-20444","page","type-page","status-publish","hentry"],"_links":{"self":[{"href":"https:\/\/demo.infinitylocal.com\/mining-exchange\/wp-json\/wp\/v2\/pages\/20444","targetHints":{"allow":["GET"]}}],"collection":[{"href":"https:\/\/demo.infinitylocal.com\/mining-exchange\/wp-json\/wp\/v2\/pages"}],"about":[{"href":"https:\/\/demo.infinitylocal.com\/mining-exchange\/wp-json\/wp\/v2\/types\/page"}],"author":[{"embeddable":true,"href":"https:\/\/demo.infinitylocal.com\/mining-exchange\/wp-json\/wp\/v2\/users\/1"}],"replies":[{"embeddable":true,"href":"https:\/\/demo.infinitylocal.com\/mining-exchange\/wp-json\/wp\/v2\/comments?post=20444"}],"version-history":[{"count":0,"href":"https:\/\/demo.infinitylocal.com\/mining-exchange\/wp-json\/wp\/v2\/pages\/20444\/revisions"}],"wp:attachment":[{"href":"https:\/\/demo.infinitylocal.com\/mining-exchange\/wp-json\/wp\/v2\/media?parent=20444"}],"curies":[{"name":"wp","href":"https:\/\/api.w.org\/{rel}","templated":true}]}}