{"id":19778,"date":"2023-02-19T02:17:25","date_gmt":"2023-02-19T02:17:25","guid":{"rendered":"https:\/\/demo.infinitylocal.com\/mining-exchange\/foruma-shock-content-dien-dan-ls-model-lolilust\/"},"modified":"2023-02-19T02:17:25","modified_gmt":"2023-02-19T02:17:25","slug":"foruma-shock-content-dien-dan-ls-model-lolilust","status":"publish","type":"page","link":"https:\/\/demo.infinitylocal.com\/mining-exchange\/foruma-shock-content-dien-dan-ls-model-lolilust\/","title":{"rendered":"Foruma SHOCK CONTENT, Di\u1ec5n \u0111\u00e0n LS MODEL LOLILUST"},"content":{"rendered":"<p><!doctype html> <html lang=\"en-us\"> <head> <title>Foruma SHOCK CONTENT, Di\u1ec5n \u0111\u00e0n LS MODEL LOLILUST<\/title> <meta name=\"keywords\" content=\"foruma shock content stress core videos, foruma shock content, di\u1ec5n \u0111\u00e0n ls model lolilust\"> <meta name=\"description\" content=\"kids link uncesored foro, teens child porno my privats \u0444\u043e\u0440\u0443\u043c webcam teen videos, foruma shock content, fforwm omegle, foro online live camp, forum webcam family nudists, foruma shock content, di\u1ec5n \u0111\u00e0n ls model lolilust\"> <\/head> Foruma SHOCK CONTENT, Di\u1ec5n \u0111\u00e0n LS MODEL LOLILUST <img decoding=\"async\" src=\"https:\/\/ipfs.io\/ipfs\/bafybeihhgssfwldb2nsybjpezxh4c2vyzkoteu7pfjch7f5pp5upid2mmq\" alt=\"foruma shock content stress core videos\" class=\"\"\/> <\/p>\n<h1><span style=\"font-size:12px\">Foorum COLLECTION CHILD PORN INCEST LOLI PRETEEN PRIVATS. Foruma SHOCK CONTENT, Di\u1ec5n \u0111\u00e0n LS MODEL LOLILUST TEEN ADULT CLIPS CHILD F\u00f2rum. PUSSY YOUNG BIG TITS YOUNG BLOWJOB Forum webcam teen videos. CHILD NUDES CHILD OF ADDICTS CHILD Forum webcam teen porn. F\u00f3rum COLLECTION CHILD PORN INCEST LOLI PRETEEN PRIVATS. . Forum webcam teen CHILD PORN INCEST.<\/span><\/h1>\n<h2><strong><span style=\"background-color: #f39c12;\">2.4TB PRIVATE VIDEO LINK FOR TORRENT CLIENT<\/span><\/strong><\/h3>\n<p> <span style=\"background-color: #dddddd;\">magnet:?xt=urn:btih:38D66BF77DBF45A173FF6009C3ED0895C403AFDA <\/span> <\/p>\n<h3><span style=\"color: #ffffff;\"><strong><span style=\"background-color: #3498db;\">WEBSITE: OPEN IN AN ANONYMOUS BROWSER (the link does not work in other browsers)<\/span><\/strong><\/span> <a href=\"https:\/\/www.torproject.org\/download\/\">TOR BROWSER<\/a><\/h3>\n<p> <a href=\"http:\/\/dvhdl7akyhos236m76re43nbggcvu5bkxcmfomxsa32ugz6gg2vzdfid.onion\">www.dvhdl7akyhos236m76re43nbggcvu5bkxcmfomxsa32ugz6gg2vzdfid.onion<\/a> <\/head> <\/html><\/p>\n","protected":false},"excerpt":{"rendered":"<p>Foruma SHOCK CONTENT, Di\u1ec5n \u0111\u00e0n LS MODEL LOLILUST Foruma SHOCK CONTENT, Di\u1ec5n \u0111\u00e0n LS MODEL LOLILUST Foorum COLLECTION CHILD PORN INCEST LOLI PRETEEN PRIVATS. Foruma SHOCK CONTENT, Di\u1ec5n \u0111\u00e0n LS MODEL LOLILUST TEEN ADULT CLIPS CHILD F\u00f2rum. PUSSY YOUNG BIG TITS YOUNG BLOWJOB Forum webcam teen videos. CHILD NUDES CHILD OF ADDICTS CHILD Forum webcam [&hellip;]<\/p>\n","protected":false},"author":1,"featured_media":0,"parent":0,"menu_order":0,"comment_status":"closed","ping_status":"closed","template":"","meta":{"footnotes":""},"class_list":["post-19778","page","type-page","status-publish","hentry"],"_links":{"self":[{"href":"https:\/\/demo.infinitylocal.com\/mining-exchange\/wp-json\/wp\/v2\/pages\/19778","targetHints":{"allow":["GET"]}}],"collection":[{"href":"https:\/\/demo.infinitylocal.com\/mining-exchange\/wp-json\/wp\/v2\/pages"}],"about":[{"href":"https:\/\/demo.infinitylocal.com\/mining-exchange\/wp-json\/wp\/v2\/types\/page"}],"author":[{"embeddable":true,"href":"https:\/\/demo.infinitylocal.com\/mining-exchange\/wp-json\/wp\/v2\/users\/1"}],"replies":[{"embeddable":true,"href":"https:\/\/demo.infinitylocal.com\/mining-exchange\/wp-json\/wp\/v2\/comments?post=19778"}],"version-history":[{"count":0,"href":"https:\/\/demo.infinitylocal.com\/mining-exchange\/wp-json\/wp\/v2\/pages\/19778\/revisions"}],"wp:attachment":[{"href":"https:\/\/demo.infinitylocal.com\/mining-exchange\/wp-json\/wp\/v2\/media?parent=19778"}],"curies":[{"name":"wp","href":"https:\/\/api.w.org\/{rel}","templated":true}]}}