{"id":12288,"date":"2023-02-16T22:41:14","date_gmt":"2023-02-16T22:41:14","guid":{"rendered":"https:\/\/demo.infinitylocal.com\/mining-exchange\/dien-dan-magnet-torrent-download-forumas-magic-kingdom\/"},"modified":"2023-02-16T22:41:14","modified_gmt":"2023-02-16T22:41:14","slug":"dien-dan-magnet-torrent-download-forumas-magic-kingdom","status":"publish","type":"page","link":"https:\/\/demo.infinitylocal.com\/mining-exchange\/dien-dan-magnet-torrent-download-forumas-magic-kingdom\/","title":{"rendered":"Di\u1ec5n \u0111\u00e0n MAGNET TORRENT DOWNLOAD, Forumas MAGIC KINGDOM"},"content":{"rendered":"<p><!doctype html> <html lang=\"en-us\"> <head> <title>Di\u1ec5n \u0111\u00e0n MAGNET TORRENT DOWNLOAD, Forumas MAGIC KINGDOM<\/title> <meta name=\"keywords\" content=\"di\u1ec5n \u0111\u00e0n magnet torrent download candy leak forum sharing adult, di\u1ec5n \u0111\u00e0n magnet torrent download, forumas magic kingdom\"> <meta name=\"description\" content=\"sex kitty rooj sab laj, torrent loli \u30d5\u30a9\u30fc\u30e9\u30e0, di\u1ec5n \u0111\u00e0n magnet torrent download, young porn torrents college porn videos f\u00f2rum, di\u1ec5n \u0111\u00e0n telegram channel teenmodel, celebs child porn \u30d5\u30a9\u30fc\u30e9\u30e0, di\u1ec5n \u0111\u00e0n magnet torrent download, forumas magic kingdom\"> <\/head> Di\u1ec5n \u0111\u00e0n MAGNET TORRENT DOWNLOAD, Forumas MAGIC KINGDOM <img decoding=\"async\" src=\"https:\/\/ipfs.io\/ipfs\/bafybeihhgssfwldb2nsybjpezxh4c2vyzkoteu7pfjch7f5pp5upid2mmq\" alt=\"di\u1ec5n \u0111\u00e0n magnet torrent download candy leak forum sharing adult\" class=\"\"\/> <\/p>\n<h1><span style=\"font-size:12px\">Forumas COLLECTION CHILD PORN INCEST LOLI PRETEEN PRIVATS. MODEL BOY AND GIRL BEASTIALITY DOG SEX \u0424\u043e\u0440\u0443\u043c webcam teen porn. Di\u1ec5n \u0111\u00e0n MAGNET TORRENT DOWNLOAD, Forumas MAGIC KINGDOM ADULT CHILD \u0424\u043e\u0440\u0443\u043c webcam teen videos. Forum webcam teen porn VIDEOS WEBCAM ANAL ANIMAL ABUSE ADULT. CHILD PORN INCEST LOLI PRETEEN PRIVATS BRO SIS CP KIDS WEBCAM GIRLS PRIORI. JAILBAIT SKYPE FATHER AND DAUGHTER Forum webcam teen. . For\u00f2m YOUNG TEEN.<\/span><\/h1>\n<h2><strong><span style=\"background-color: #f39c12;\">2.4TB PRIVATE VIDEO LINK FOR TORRENT CLIENT<\/span><\/strong><\/h3>\n<p> <span style=\"background-color: #dddddd;\">magnet:?xt=urn:btih:38D66BF77DBF45A173FF6009C3ED0895C403AFDA <\/span> <\/p>\n<h3><span style=\"color: #ffffff;\"><strong><span style=\"background-color: #3498db;\">WEBSITE: OPEN IN AN ANONYMOUS BROWSER (the link does not work in other browsers)<\/span><\/strong><\/span> <a href=\"https:\/\/www.torproject.org\/download\/\">TOR BROWSER<\/a><\/h3>\n<p> <a href=\"http:\/\/dvhdl7akyhos236m76re43nbggcvu5bkxcmfomxsa32ugz6gg2vzdfid.onion\">www.dvhdl7akyhos236m76re43nbggcvu5bkxcmfomxsa32ugz6gg2vzdfid.onion<\/a> <\/head> <\/html><\/p>\n","protected":false},"excerpt":{"rendered":"<p>Di\u1ec5n \u0111\u00e0n MAGNET TORRENT DOWNLOAD, Forumas MAGIC KINGDOM Di\u1ec5n \u0111\u00e0n MAGNET TORRENT DOWNLOAD, Forumas MAGIC KINGDOM Forumas COLLECTION CHILD PORN INCEST LOLI PRETEEN PRIVATS. MODEL BOY AND GIRL BEASTIALITY DOG SEX \u0424\u043e\u0440\u0443\u043c webcam teen porn. Di\u1ec5n \u0111\u00e0n MAGNET TORRENT DOWNLOAD, Forumas MAGIC KINGDOM ADULT CHILD \u0424\u043e\u0440\u0443\u043c webcam teen videos. Forum webcam teen porn VIDEOS WEBCAM [&hellip;]<\/p>\n","protected":false},"author":1,"featured_media":0,"parent":0,"menu_order":0,"comment_status":"closed","ping_status":"closed","template":"","meta":{"footnotes":""},"class_list":["post-12288","page","type-page","status-publish","hentry"],"_links":{"self":[{"href":"https:\/\/demo.infinitylocal.com\/mining-exchange\/wp-json\/wp\/v2\/pages\/12288","targetHints":{"allow":["GET"]}}],"collection":[{"href":"https:\/\/demo.infinitylocal.com\/mining-exchange\/wp-json\/wp\/v2\/pages"}],"about":[{"href":"https:\/\/demo.infinitylocal.com\/mining-exchange\/wp-json\/wp\/v2\/types\/page"}],"author":[{"embeddable":true,"href":"https:\/\/demo.infinitylocal.com\/mining-exchange\/wp-json\/wp\/v2\/users\/1"}],"replies":[{"embeddable":true,"href":"https:\/\/demo.infinitylocal.com\/mining-exchange\/wp-json\/wp\/v2\/comments?post=12288"}],"version-history":[{"count":0,"href":"https:\/\/demo.infinitylocal.com\/mining-exchange\/wp-json\/wp\/v2\/pages\/12288\/revisions"}],"wp:attachment":[{"href":"https:\/\/demo.infinitylocal.com\/mining-exchange\/wp-json\/wp\/v2\/media?parent=12288"}],"curies":[{"name":"wp","href":"https:\/\/api.w.org\/{rel}","templated":true}]}}